{"id":88,"date":"2026-02-25T08:24:54","date_gmt":"2026-02-25T08:24:54","guid":{"rendered":"https:\/\/valeriamartinez.fpcei.eu\/?page_id=88"},"modified":"2026-02-27T07:57:13","modified_gmt":"2026-02-27T07:57:13","slug":"1a-y-2a-temporada","status":"publish","type":"page","link":"https:\/\/valeriamartinez.fpcei.eu\/?page_id=88","title":{"rendered":"1\u00aa y 2\u00aa temporada."},"content":{"rendered":"\n<p>La primera temporada comienza con la desaparici\u00f3n de Will Byers, el cual estaba volviendo a su casa tras jugar a D&amp;D con los dem\u00e1s chicos.<\/p>\n\n\n\n<p>Su madre, Joyce Byers, se niega a aceptar que est\u00e9 muerto y empieza a notar cosas muy extra\u00f1as en su casa. El jefe de polic\u00eda, Jim Hopper, investiga y descubre que el Laboratorio Nacional de Hawkins realiza experimentos secretos y tiene denuncias sobre ni\u00f1os desaparecidos.<\/p>\n\n\n\n<p>Los amigos de Will encuentran a una ni\u00f1a con poderes telequin\u00e9ticos llamada Once, la cual ha escapado del laboratorio y curiosamente inspiraron su actuaci\u00f3n en la pel\u00edcula E.T.<\/p>\n\n\n\n<p>Durante esta temporada, los \u00fanicos monstruos que aparece son los Demogorgons; sin embargo, se le da mucha importancia al padre de Once, un hombre sin remordimiento que lleva a ni\u00f1os al l\u00edmite.<\/p>\n\n\n\n<p>Tanto el juego D&amp;D como la breve forma de expresarse de Once son formas muy creativas de explicarle a ni\u00f1os peque\u00f1os fen\u00f3menos paranormales y cient\u00edficos.<\/p>\n\n\n\n<p>Durante el escrito de esta primera temporada la serie se llamaba Montauk, un lugar real en el estado de Nueva York. En este pueblo, desde los a\u00f1os 80 realmente existen teor\u00edas sobre el supuesto \u201cExperimento Montauk\u201d, una leyenda urbana que habla de experimentos secretos del gobierno estadounidense. No obstante, la terminaron llamando Stranger Things, escribi\u00e9ndola de forma no tan oscura ni adulta.<\/p>\n\n\n\n<p>La primera temporada finaliza con el encuentro de Will y la desaparici\u00f3n de Once, aunque esta, de manera indirecta, cuenta la existencia de otra dimensi\u00f3n.<\/p>\n\n\n\n<p>Durante la segunda temporada, un a\u00f1o despu\u00e9s de la primera, Hawkins parece normal, pero el Mundo Del Rev\u00e9s no acab\u00f3 cuando Once desapareci\u00f3, mientras que Will sigue teniendo visiones que le aterrorizan y est\u00e1 conectado al Azotamentes, monstruo que controla a los demoperros y que busca invadir el mundo real controlando la mente mente de todos.<\/p>\n\n\n\n<p>Hopper tiene escondida a Once, la cual vive sin salir de su casa para que el laboratorio no la encuentre. A lo largo de la temporada, descubre m\u00e1s sobre su pasado, su madre y Kali, llamada Ocho. Esta le ayuda a descubrir que hay m\u00e1s vida fuera de Hawkins y tambi\u00e9n le muestra que puede controlar m\u00e1s sus habilidades; sin embargo, parece mala influencia. El grupo de amigos conoce a Max, y juntos se enfrentan al mundo del rev\u00e9s mientras Will es controlado por el azotamentes y lidian con problemas de la preadolescencia.<\/p>\n\n\n\n<p>Finalmente, todos se reencuentran con Once y esta cierra el portal salvando a Will. <\/p>\n\n\n\n<p>Durante esta temporada a\u00f1aden muchas referencias ochenteras tanto en m\u00fasica como en disfraces de Halloween. Adem\u00e1s, muestran un amor muy inocente, por una parte, entre Mike y Once, por otra, entre Max y Lucas.<\/p>\n\n\n<iframe loading=\"lazy\" class=\"embed-pdf-viewer\" src=\"https:\/\/valeriamartinez.fpcei.eu\/wp-content\/uploads\/2026\/02\/Stranger-things-es-real.pdf\" height=\"600\" width=\"600\" title=\"Array\"><\/iframe>","protected":false},"excerpt":{"rendered":"<p>La primera temporada comienza con la desaparici\u00f3n de Will Byers, el cual estaba volviendo a su casa tras jugar a D&amp;D con los dem\u00e1s chicos. Su madre, Joyce Byers, se niega a aceptar que est\u00e9 muerto y empieza a notar cosas muy extra\u00f1as en su casa. El jefe de polic\u00eda, Jim Hopper, investiga y descubre [&hellip;]<\/p>\n","protected":false},"author":2,"featured_media":150,"parent":0,"menu_order":0,"comment_status":"closed","ping_status":"closed","template":"","meta":{"footnotes":""},"class_list":["post-88","page","type-page","status-publish","has-post-thumbnail","hentry"],"_links":{"self":[{"href":"https:\/\/valeriamartinez.fpcei.eu\/index.php?rest_route=\/wp\/v2\/pages\/88","targetHints":{"allow":["GET"]}}],"collection":[{"href":"https:\/\/valeriamartinez.fpcei.eu\/index.php?rest_route=\/wp\/v2\/pages"}],"about":[{"href":"https:\/\/valeriamartinez.fpcei.eu\/index.php?rest_route=\/wp\/v2\/types\/page"}],"author":[{"embeddable":true,"href":"https:\/\/valeriamartinez.fpcei.eu\/index.php?rest_route=\/wp\/v2\/users\/2"}],"replies":[{"embeddable":true,"href":"https:\/\/valeriamartinez.fpcei.eu\/index.php?rest_route=%2Fwp%2Fv2%2Fcomments&post=88"}],"version-history":[{"count":21,"href":"https:\/\/valeriamartinez.fpcei.eu\/index.php?rest_route=\/wp\/v2\/pages\/88\/revisions"}],"predecessor-version":[{"id":141,"href":"https:\/\/valeriamartinez.fpcei.eu\/index.php?rest_route=\/wp\/v2\/pages\/88\/revisions\/141"}],"wp:featuredmedia":[{"embeddable":true,"href":"https:\/\/valeriamartinez.fpcei.eu\/index.php?rest_route=\/wp\/v2\/media\/150"}],"wp:attachment":[{"href":"https:\/\/valeriamartinez.fpcei.eu\/index.php?rest_route=%2Fwp%2Fv2%2Fmedia&parent=88"}],"curies":[{"name":"wp","href":"https:\/\/api.w.org\/{rel}","templated":true}]}}