{"id":57,"date":"2026-02-04T09:53:56","date_gmt":"2026-02-04T09:53:56","guid":{"rendered":"https:\/\/valeriamartinez.fpcei.eu\/?page_id=57"},"modified":"2026-02-27T12:33:38","modified_gmt":"2026-02-27T12:33:38","slug":"tematica-y-equipo-creativo","status":"publish","type":"page","link":"https:\/\/valeriamartinez.fpcei.eu\/?page_id=57","title":{"rendered":"Tem\u00e1tica y equipo"},"content":{"rendered":"\n<p>Stranger Things no es solo una serie: es un secreto que empieza en un peque\u00f1o pueblo llamado Hawkins y que nunca deja de crecer. Todo comienza con la desaparici\u00f3n de Will, pero lo que parece un simple misterio pronto se convierte en algo mucho m\u00e1s oscuro. Experimentos ocultos, la implicaci\u00f3n del ej\u00e9rcito, poderes sobrenaturales, distintas dimensiones\u2026 y el famoso Mundo del Rev\u00e9s que parece observarlo todo.<\/p>\n\n\n\n<p>En el centro del equipo creativo se encuentran los hermanos Matt y Ross Duffer, quienes se inspiraron en pel\u00edculas de los a\u00f1os 80 como ET y Los Goonies. Escribieron los guiones a mano y dudaron mucho sobre si ponerle nombre a Once, incluso la llamaban \u201cla ni\u00f1a\u201d en los borradores iniciales.<\/p>\n\n\n\n<p>Shawn Levy, director y productor ejecutivo, convenci\u00f3 a Netflix de financiar la serie tras leer solo el piloto y propuso escenas largas sin cortes para dar mayor naturalidad a los di\u00e1logos. Incluso cabe destacar que influy\u00f3 en que personajes como Steve Harrington se convirtieran en favoritos del p\u00fablico.<\/p>\n\n\n\n<p>El equipo de fotograf\u00eda y dise\u00f1o, con directores como Tim Ives y Michael Goi, cre\u00f3 el pueblo de Hawkins y el Mundo del Rev\u00e9s, usando colores c\u00e1lidos en escenas cotidianas y tonos fr\u00edos y verdes para el Mundo del Rev\u00e9s. Curiosamente, eligieron todo el vestuario y los peinados inspirados en los a\u00f1os 80.<\/p>\n\n\n\n<p>Por \u00faltimo, los efectos especiales y las criaturas fueron creadas con maquetas y animatr\u00f3nicos para dar vida a monstruos como el Demogorgon. Los actores interact\u00faan primero con figuras f\u00edsicas que luego se digitalizan, haciendo que las criaturas se vean m\u00e1s reales y aterradoras. Por ello, muchas escenas requirieron de mucho tiempo.<\/p>\n","protected":false},"excerpt":{"rendered":"<p>Stranger Things no es solo una serie: es un secreto que empieza en un peque\u00f1o pueblo llamado Hawkins y que nunca deja de crecer. Todo comienza con la desaparici\u00f3n de Will, pero lo que parece un simple misterio pronto se convierte en algo mucho m\u00e1s oscuro. Experimentos ocultos, la implicaci\u00f3n del ej\u00e9rcito, poderes sobrenaturales, distintas [&hellip;]<\/p>\n","protected":false},"author":2,"featured_media":70,"parent":0,"menu_order":0,"comment_status":"closed","ping_status":"closed","template":"","meta":{"footnotes":""},"class_list":["post-57","page","type-page","status-publish","has-post-thumbnail","hentry"],"_links":{"self":[{"href":"https:\/\/valeriamartinez.fpcei.eu\/index.php?rest_route=\/wp\/v2\/pages\/57","targetHints":{"allow":["GET"]}}],"collection":[{"href":"https:\/\/valeriamartinez.fpcei.eu\/index.php?rest_route=\/wp\/v2\/pages"}],"about":[{"href":"https:\/\/valeriamartinez.fpcei.eu\/index.php?rest_route=\/wp\/v2\/types\/page"}],"author":[{"embeddable":true,"href":"https:\/\/valeriamartinez.fpcei.eu\/index.php?rest_route=\/wp\/v2\/users\/2"}],"replies":[{"embeddable":true,"href":"https:\/\/valeriamartinez.fpcei.eu\/index.php?rest_route=%2Fwp%2Fv2%2Fcomments&post=57"}],"version-history":[{"count":9,"href":"https:\/\/valeriamartinez.fpcei.eu\/index.php?rest_route=\/wp\/v2\/pages\/57\/revisions"}],"predecessor-version":[{"id":184,"href":"https:\/\/valeriamartinez.fpcei.eu\/index.php?rest_route=\/wp\/v2\/pages\/57\/revisions\/184"}],"wp:featuredmedia":[{"embeddable":true,"href":"https:\/\/valeriamartinez.fpcei.eu\/index.php?rest_route=\/wp\/v2\/media\/70"}],"wp:attachment":[{"href":"https:\/\/valeriamartinez.fpcei.eu\/index.php?rest_route=%2Fwp%2Fv2%2Fmedia&parent=57"}],"curies":[{"name":"wp","href":"https:\/\/api.w.org\/{rel}","templated":true}]}}